{"id":6241,"date":"2023-12-30T23:35:37","date_gmt":"2023-12-30T21:35:37","guid":{"rendered":"http:\/\/www.geierland.de\/9_BuB_Backup_und_Test\/wptest\/wordpress\/?page_id=6241"},"modified":"2025-07-29T11:56:40","modified_gmt":"2025-07-29T09:56:40","slug":"impressum-datenschutz-2-2-2-2","status":"publish","type":"page","link":"https:\/\/www.buchbohne.de\/?page_id=6241","title":{"rendered":"SERVICE"},"content":{"rendered":"\n<p><\/p>\n\n\n\n<h1 class=\"wp-block-heading has-neve-text-color-color has-text-color has-link-color wp-elements-015f90ee1bd48f2f07697ea3b6b99a32\">BUCH &amp; BOHNE<br>BUCHHANDLUNG. CAFE.<\/h1>\n\n\n\n<h3 class=\"wp-block-heading has-neve-text-color-color has-text-color has-link-color wp-elements-137019884b2461fe92a6c33e810aa7b0\">UNSER SERVICE F\u00dcR DICH<\/h3>\n\n\n\n<h4 class=\"wp-block-heading\">BERATUNG<\/h4>\n\n\n\n<p>Wir beraten Dich gerne, kompetent und abseits der \u201eB\u00fccherhitlisten\u201c. Die kaum zu \u00fcbertreffende Vielfalt der B\u00fccherwelt behalten wir f\u00fcr Dich im Auge, daher erh\u00e4lst Du bei uns eine individuelle Empfehlung und findest das richtige Buch f\u00fcr Dich selbst oder als Geschenk f\u00fcr Familie und Freunde.<\/p>\n\n\n\n<h4 class=\"wp-block-heading\">BESTELLUNG VOR ORT, TELEFONISCH, IM WEB, PER MAIL<\/h4>\n\n\n\n<p>Wenn Du es einmal nicht schaffst pers\u00f6nlich bei Buch &amp; Bohne reinzuschauen, kannst Du Bestellungen \u00fcber jedes Medium bei uns platzieren:<\/p>\n\n\n\n<ul class=\"wp-block-list\">\n<li>Telefonisch<br>Unter 089 \/ 37 41 40 60 sind wir zu den \u00d6ffnungszeiten erreichbar, au\u00dferhalb der \u00d6ffnungszeiten und wenn wir einmal nicht rangehen hinterl\u00e4st Du Deinen Wunsch einfach auf dem Anrufbeantworter. Wir rufen in jedem Fall zur\u00fcck.<\/li>\n\n\n\n<li>Mail<br>Schick und einfach Deine W\u00fcnsche an kontakt@buchbohne.de, wir k\u00fcmmern uns darum.<\/li>\n\n\n\n<li>Web<br>Unseren Webshop erreichtest Du rund um die Uhr und jeden Tag: <a href=\"http:\/\/301350.umbreitshopsolution.de\/\" data-type=\"link\" data-id=\"http:\/\/301350.umbreitshopsolution.de\/\">SHOP<\/a>, dort siehst Du auch direkt, ob das Buch im Laden vorr\u00e4tig ist!<\/li>\n<\/ul>\n\n\n\n<h4 class=\"wp-block-heading\">LIEFERUNG \u00dcBER NACHT<\/h4>\n\n\n\n<p>Sollten wir das gew\u00fcnschte Buch einmal nicht im Sortiment in der Buchhandlung finden, bestellen wir es Dir gerne. Rund 400.000 Titel sind bei Bestellung vor 18 Uhr schon am n\u00e4chsten Morgen zur Laden\u00f6ffnung abholbereit.<\/p>\n\n\n\n<p class=\"has-nv-site-bg-color has-text-color has-link-color wp-elements-5e80cf21f2990a5dee6952ca6ac3a582\">xxxxxxxxxxxxxxxxxxxxxxxxxxxxxxxxxxxxxxxxxxxxxxxxxxxxxxxxxxxxxxxxxxxxxxxxxxxxxxxxxxxxxxxxxxxxxxxxxxxxxxxxxxxxxxxxxxxxxxxxxxxxxxxxxxxxxxxxxxxxxxxxxxxxxxxxxxxxxxxxxxxxxxxxxxxxxxxxxxxxxxxxxxxxxxxxxxxxxxxxxxxxxxxxxxxxxxxxxxxxxxxxxxxxxxx<\/p>\n\n\n\n<p><\/p>\n\n\n\n<p><\/p>\n\n\n\n<p><\/p>\n\n\n\n<p><\/p>\n\n\n\n<p><\/p>\n\n\n\n<p><\/p>\n\n\n\n<p><\/p>\n\n\n\n<p class=\"has-nv-site-bg-color has-text-color has-link-color wp-elements-ed2c9d8c50949fd874f3119ab2e9dcd6\">x<\/p>\n\n\n\n<p class=\"has-nv-site-bg-color has-text-color has-link-color wp-elements-ed2c9d8c50949fd874f3119ab2e9dcd6\">x<\/p>\n","protected":false},"excerpt":{"rendered":"<p>BUCH &amp; BOHNEBUCHHANDLUNG. CAFE. UNSER SERVICE F\u00dcR DICH BERATUNG Wir beraten Dich gerne, kompetent und abseits der \u201eB\u00fccherhitlisten\u201c. Die kaum zu \u00fcbertreffende Vielfalt der B\u00fccherwelt behalten wir f\u00fcr Dich im Auge, daher erh\u00e4lst Du bei uns eine individuelle Empfehlung und findest das richtige Buch f\u00fcr Dich selbst oder als Geschenk f\u00fcr Familie und Freunde. BESTELLUNG&hellip;&nbsp;<a href=\"https:\/\/www.buchbohne.de\/?page_id=6241\" class=\"\" rel=\"bookmark\">Weiterlesen &raquo;<span class=\"screen-reader-text\">SERVICE<\/span><\/a><\/p>\n","protected":false},"author":1,"featured_media":0,"parent":0,"menu_order":0,"comment_status":"closed","ping_status":"closed","template":"","meta":{"neve_meta_sidebar":"default","neve_meta_container":"default","neve_meta_enable_content_width":"","neve_meta_content_width":0,"neve_meta_title_alignment":"","neve_meta_author_avatar":"","neve_post_elements_order":"","neve_meta_disable_header":"on","neve_meta_disable_footer":"on","neve_meta_disable_title":"on","footnotes":""},"class_list":["post-6241","page","type-page","status-publish","hentry"],"_links":{"self":[{"href":"https:\/\/www.buchbohne.de\/index.php?rest_route=\/wp\/v2\/pages\/6241","targetHints":{"allow":["GET"]}}],"collection":[{"href":"https:\/\/www.buchbohne.de\/index.php?rest_route=\/wp\/v2\/pages"}],"about":[{"href":"https:\/\/www.buchbohne.de\/index.php?rest_route=\/wp\/v2\/types\/page"}],"author":[{"embeddable":true,"href":"https:\/\/www.buchbohne.de\/index.php?rest_route=\/wp\/v2\/users\/1"}],"replies":[{"embeddable":true,"href":"https:\/\/www.buchbohne.de\/index.php?rest_route=%2Fwp%2Fv2%2Fcomments&post=6241"}],"version-history":[{"count":15,"href":"https:\/\/www.buchbohne.de\/index.php?rest_route=\/wp\/v2\/pages\/6241\/revisions"}],"predecessor-version":[{"id":8300,"href":"https:\/\/www.buchbohne.de\/index.php?rest_route=\/wp\/v2\/pages\/6241\/revisions\/8300"}],"wp:attachment":[{"href":"https:\/\/www.buchbohne.de\/index.php?rest_route=%2Fwp%2Fv2%2Fmedia&parent=6241"}],"curies":[{"name":"wp","href":"https:\/\/api.w.org\/{rel}","templated":true}]}}