{"id":6217,"date":"2023-12-30T22:23:32","date_gmt":"2023-12-30T20:23:32","guid":{"rendered":"http:\/\/www.geierland.de\/9_BuB_Backup_und_Test\/wptest\/wordpress\/?page_id=6217"},"modified":"2023-12-30T22:23:33","modified_gmt":"2023-12-30T20:23:33","slug":"impressum-datenschutz-2-2","status":"publish","type":"page","link":"https:\/\/www.buchbohne.de\/?page_id=6217","title":{"rendered":"KONTAKT"},"content":{"rendered":"\n<p><\/p>\n\n\n\n<h1 class=\"wp-block-heading has-neve-text-color-color has-text-color has-link-color wp-elements-015f90ee1bd48f2f07697ea3b6b99a32\">BUCH &amp; BOHNE<br>BUCHHANDLUNG. CAFE.<\/h1>\n\n\n\n<h3 class=\"wp-block-heading has-neve-text-color-color has-text-color has-link-color wp-elements-21a3b927246148e1706662bf169f2e97\">LASS WAS VON DIR H\u00d6REN&#8230;<\/h3>\n\n\n\n<div class=\"wp-block-group\"><div class=\"wp-block-group__inner-container is-layout-constrained wp-block-group-is-layout-constrained\">\n<figure class=\"wp-block-table\"><table><tbody><tr><td>TELEFON<\/td><td>089 \/ 37 41 40 60<\/td><\/tr><tr><td>FAX<\/td><td>089 \/ 37 41 40 88<\/td><\/tr><tr><td>E-MAIL<\/td><td>kontakt@buchbohne.de<\/td><\/tr><tr><td>INHABERIN<\/td><td>MARIANNA GEIER <\/td><\/tr><tr><td>ADRESSE<\/td><td>Buch &amp; Bohne<br>Kapuzinerplatz 4 (Eingang H\u00e4berlstra\u00dfe)<br>80337 M\u00fcnchen<\/td><\/tr><tr><td>Ust-ID-Nr.<\/td><td>DE 273 707 365<\/td><\/tr><tr><td>Verkehrsnummer<\/td><td>30135<\/td><\/tr><\/tbody><\/table><\/figure>\n<\/div><\/div>\n\n\n\n<p class=\"has-nv-site-bg-color has-text-color has-link-color wp-elements-ed2c9d8c50949fd874f3119ab2e9dcd6\">x<\/p>\n\n\n\n<p class=\"has-nv-site-bg-color has-text-color has-link-color wp-elements-5e80cf21f2990a5dee6952ca6ac3a582\">xxxxxxxxxxxxxxxxxxxxxxxxxxxxxxxxxxxxxxxxxxxxxxxxxxxxxxxxxxxxxxxxxxxxxxxxxxxxxxxxxxxxxxxxxxxxxxxxxxxxxxxxxxxxxxxxxxxxxxxxxxxxxxxxxxxxxxxxxxxxxxxxxxxxxxxxxxxxxxxxxxxxxxxxxxxxxxxxxxxxxxxxxxxxxxxxxxxxxxxxxxxxxxxxxxxxxxxxxxxxxxxxxxxxxxx<\/p>\n\n\n\n<p><\/p>\n\n\n\n<p><\/p>\n\n\n\n<p><\/p>\n\n\n\n<p><\/p>\n\n\n\n<p><\/p>\n\n\n\n<p><\/p>\n\n\n\n<p><\/p>\n\n\n\n<p class=\"has-nv-site-bg-color has-text-color has-link-color wp-elements-ed2c9d8c50949fd874f3119ab2e9dcd6\">x<\/p>\n\n\n\n<p class=\"has-nv-site-bg-color has-text-color has-link-color wp-elements-ed2c9d8c50949fd874f3119ab2e9dcd6\">x<\/p>\n","protected":false},"excerpt":{"rendered":"<p>BUCH &amp; BOHNEBUCHHANDLUNG. CAFE. LASS WAS VON DIR H\u00d6REN&#8230; TELEFON 089 \/ 37 41 40 60 FAX 089 \/ 37 41 40 88 E-MAIL kontakt@buchbohne.de INHABERIN MARIANNA GEIER ADRESSE Buch &amp; BohneKapuzinerplatz 4 (Eingang H\u00e4berlstra\u00dfe)80337 M\u00fcnchen Ust-ID-Nr. DE 273 707 365 Verkehrsnummer 30135 x xxxxxxxxxxxxxxxxxxxxxxxxxxxxxxxxxxxxxxxxxxxxxxxxxxxxxxxxxxxxxxxxxxxxxxxxxxxxxxxxxxxxxxxxxxxxxxxxxxxxxxxxxxxxxxxxxxxxxxxxxxxxxxxxxxxxxxxxxxxxxxxxxxxxxxxxxxxxxxxxxxxxxxxxxxxxxxxxxxxxxxxxxxxxxxxxxxxxxxxxxxxxxxxxxxxxxxxxxxxxxxxxxxxxxxx x x<\/p>\n","protected":false},"author":1,"featured_media":0,"parent":0,"menu_order":0,"comment_status":"closed","ping_status":"closed","template":"","meta":{"neve_meta_sidebar":"default","neve_meta_container":"default","neve_meta_enable_content_width":"","neve_meta_content_width":0,"neve_meta_title_alignment":"","neve_meta_author_avatar":"","neve_post_elements_order":"","neve_meta_disable_header":"on","neve_meta_disable_footer":"on","neve_meta_disable_title":"on","footnotes":""},"class_list":["post-6217","page","type-page","status-publish","hentry"],"_links":{"self":[{"href":"https:\/\/www.buchbohne.de\/index.php?rest_route=\/wp\/v2\/pages\/6217","targetHints":{"allow":["GET"]}}],"collection":[{"href":"https:\/\/www.buchbohne.de\/index.php?rest_route=\/wp\/v2\/pages"}],"about":[{"href":"https:\/\/www.buchbohne.de\/index.php?rest_route=\/wp\/v2\/types\/page"}],"author":[{"embeddable":true,"href":"https:\/\/www.buchbohne.de\/index.php?rest_route=\/wp\/v2\/users\/1"}],"replies":[{"embeddable":true,"href":"https:\/\/www.buchbohne.de\/index.php?rest_route=%2Fwp%2Fv2%2Fcomments&post=6217"}],"version-history":[{"count":5,"href":"https:\/\/www.buchbohne.de\/index.php?rest_route=\/wp\/v2\/pages\/6217\/revisions"}],"predecessor-version":[{"id":6222,"href":"https:\/\/www.buchbohne.de\/index.php?rest_route=\/wp\/v2\/pages\/6217\/revisions\/6222"}],"wp:attachment":[{"href":"https:\/\/www.buchbohne.de\/index.php?rest_route=%2Fwp%2Fv2%2Fmedia&parent=6217"}],"curies":[{"name":"wp","href":"https:\/\/api.w.org\/{rel}","templated":true}]}}