{"id":3370,"date":"2018-03-01T08:40:19","date_gmt":"2018-03-01T06:40:19","guid":{"rendered":"http:\/\/www.geierland.de\/wptest\/wordpress\/?page_id=3370"},"modified":"2018-03-01T13:55:35","modified_gmt":"2018-03-01T11:55:35","slug":"service-buch-bohne","status":"publish","type":"page","link":"https:\/\/www.buchbohne.de\/?page_id=3370","title":{"rendered":"<span class=\"StandardtextGROSS\" style=\"color: #4d3507;\">SERVICE @ BUCH &#038; BOHNE<\/span>"},"content":{"rendered":"<p><span class=\"mabel-bhi-businesshours\"><br \/>\n<strong>BERATUNG<\/strong><br \/>\nWir beraten Sie gerne, kompetent und abseits der &#8222;B\u00fccherhitlisten&#8220;. Die kaum zu \u00fcbertreffende Vielfalt der B\u00fccherwelt behalten wir f\u00fcr Sie im Auge, daher erhalten Sie bei uns eine individuelle Empfehlung und finden das richtige Buch f\u00fcr sich selbst oder als Geschenk f\u00fcr Familie und Freunde.<br \/>\n<\/span><\/p>\n<p><\/p>\n<p><span class=\"mabel-bhi-businesshours\"><br \/>\n<strong>BESTELLUNG VOR ORT, TELEFONISCH, IM WEB, PER MAIL, PER APP<\/strong><br \/>\nWenn Sie es einmal nicht schaffen pers\u00f6nlich bei Buch &#038; Bohne reinzuschauen, k\u00f6nnen Sie Bestellungen \u00fcber jedes Medium bei uns platzieren:<\/p>\n<dl style=\"color: #4d3507;\">\n<dt>Telefonisch<\/dt>\n<dd>Unter 089 \/ 37 41 40 60 sind wir zu den \u00d6ffnungszeiten erreichbar, au\u00dferhalb der \u00d6ffnungszeiten und wenn wir einmal nicht rangehen hinterlassen Sie ihren Wunsch einfach auf dem Anrufbeantworter. Wir rufen in jedem Fall zur\u00fcck.<\/dd>\n<dt>Web<\/dt>\n<dd>Unseren Webshop erreichen sie rund um die Uhr und jeden Tag via http:\/\/301350.umbreitshopsolution.de\/.<\/dd>\n<dt>Mail<\/dt>\n<dd>Senden Sie einfach Ihre W\u00fcnsche an kontakt@buchbohne.de, wir k\u00fcmmern uns darum.<\/dd>\n<dt>App<\/dt>\n<dd>Mit der LChoice App haben Sie Buch &#038; Bohne immer dabei! Lchoice k\u00f6nnen Sie hier http:\/\/customer.lchoice.de\/die-lchoice-app\/ herunterladen.<\/dd>\n<\/dl>\n<p><\/span><\/p>\n<p><\/p>\n<p><span class=\"mabel-bhi-businesshours\"><br \/>\n<strong>LIEFERUNG \u00dcBER NACHT<\/strong><br \/>\nSollten wir Ihr gew\u00fcnschtes Buch einmal nicht im Sortiment in der Buchhandlung finden, bestellen\u00a0wir\u00a0es Ihnen gerne. Rund 400.000 Titel sind bei Bestellung vor 18 Uhr schon am n\u00e4chsten Morgen zur Laden\u00f6ffnung abholbereit.<br \/>\n<\/span><\/p>\n<p><\/p>\n<p><span class=\"mabel-bhi-businesshours\"><br \/>\n<strong>LIEFERUNG \u00dcBER NACHT<\/strong><br \/>\nSollten wir Ihr gew\u00fcnschtes Buch einmal nicht im Sortiment in der Buchhandlung finden, bestellen\u00a0wir\u00a0es Ihnen gerne. Rund 400.000 Titel sind bei Bestellung vor 18 Uhr schon am n\u00e4chsten Morgen zur Laden\u00f6ffnung abholbereit.<br \/>\n<\/span><\/p>\n","protected":false},"excerpt":{"rendered":"<p>BERATUNG Wir beraten Sie gerne, kompetent und abseits der &#8222;B\u00fccherhitlisten&#8220;. Die kaum zu \u00fcbertreffende Vielfalt der B\u00fccherwelt behalten wir f\u00fcr Sie im Auge, daher erhalten Sie bei uns eine individuelle Empfehlung und finden das richtige Buch f\u00fcr sich selbst oder als Geschenk f\u00fcr Familie und Freunde. BESTELLUNG VOR ORT, TELEFONISCH, IM WEB, PER MAIL, PER&hellip;&nbsp;<a href=\"https:\/\/www.buchbohne.de\/?page_id=3370\" class=\"\" rel=\"bookmark\">Weiterlesen &raquo;<span class=\"screen-reader-text\"><span class=\"StandardtextGROSS\" style=\"color: #4d3507;\">SERVICE @ BUCH &#038; BOHNE<\/span><\/span><\/a><\/p>\n","protected":false},"author":1,"featured_media":0,"parent":0,"menu_order":0,"comment_status":"closed","ping_status":"closed","template":"","meta":{"neve_meta_sidebar":"","neve_meta_container":"","neve_meta_enable_content_width":"","neve_meta_content_width":0,"neve_meta_title_alignment":"","neve_meta_author_avatar":"","neve_post_elements_order":"","neve_meta_disable_header":"","neve_meta_disable_footer":"","neve_meta_disable_title":"","footnotes":""},"class_list":["post-3370","page","type-page","status-publish","hentry"],"_links":{"self":[{"href":"https:\/\/www.buchbohne.de\/index.php?rest_route=\/wp\/v2\/pages\/3370","targetHints":{"allow":["GET"]}}],"collection":[{"href":"https:\/\/www.buchbohne.de\/index.php?rest_route=\/wp\/v2\/pages"}],"about":[{"href":"https:\/\/www.buchbohne.de\/index.php?rest_route=\/wp\/v2\/types\/page"}],"author":[{"embeddable":true,"href":"https:\/\/www.buchbohne.de\/index.php?rest_route=\/wp\/v2\/users\/1"}],"replies":[{"embeddable":true,"href":"https:\/\/www.buchbohne.de\/index.php?rest_route=%2Fwp%2Fv2%2Fcomments&post=3370"}],"version-history":[{"count":21,"href":"https:\/\/www.buchbohne.de\/index.php?rest_route=\/wp\/v2\/pages\/3370\/revisions"}],"predecessor-version":[{"id":4956,"href":"https:\/\/www.buchbohne.de\/index.php?rest_route=\/wp\/v2\/pages\/3370\/revisions\/4956"}],"wp:attachment":[{"href":"https:\/\/www.buchbohne.de\/index.php?rest_route=%2Fwp%2Fv2%2Fmedia&parent=3370"}],"curies":[{"name":"wp","href":"https:\/\/api.w.org\/{rel}","templated":true}]}}